{"id":2,"date":"2025-08-19T19:14:16","date_gmt":"2025-08-20T00:14:16","guid":{"rendered":"https:\/\/infinitosky.servicio.com.co\/?page_id=2"},"modified":"2025-10-09T13:40:51","modified_gmt":"2025-10-09T18:40:51","slug":"pagina-ejemplo","status":"publish","type":"page","link":"https:\/\/infinitosky.servicio.com.co\/","title":{"rendered":"inicio"},"content":{"rendered":"\t\t<div data-elementor-type=\"wp-page\" data-elementor-id=\"2\" class=\"elementor elementor-2\">\n\t\t\t\t<div class=\"elementor-element elementor-element-7b875c5 e-flex e-con-boxed e-con e-parent\" data-id=\"7b875c5\" data-element_type=\"container\">\n\t\t\t\t\t<div class=\"e-con-inner\">\n\t\t<div class=\"elementor-element elementor-element-99d7f59 e-con-full e-flex e-con e-child\" data-id=\"99d7f59\" data-element_type=\"container\">\n\t\t\t\t<div class=\"elementor-element elementor-element-846ed34 elementor-widget elementor-widget-image\" data-id=\"846ed34\" data-element_type=\"widget\" data-widget_type=\"image.default\">\n\t\t\t\t\t\t\t\t\t\t\t\t\t\t\t<img fetchpriority=\"high\" decoding=\"async\" width=\"533\" height=\"578\" src=\"https:\/\/infinitosky.servicio.com.co\/wp-content\/uploads\/2025\/08\/infinito-sky-345-1.png\" class=\"attachment-large size-large wp-image-32\" alt=\"\" srcset=\"https:\/\/infinitosky.servicio.com.co\/wp-content\/uploads\/2025\/08\/infinito-sky-345-1.png 533w, https:\/\/infinitosky.servicio.com.co\/wp-content\/uploads\/2025\/08\/infinito-sky-345-1-277x300.png 277w\" sizes=\"(max-width: 533px) 100vw, 533px\" \/>\t\t\t\t\t\t\t\t\t\t\t\t\t\t\t<\/div>\n\t\t\t\t<\/div>\n\t\t<div class=\"elementor-element elementor-element-316241a e-con-full e-flex e-con e-child\" data-id=\"316241a\" data-element_type=\"container\">\n\t\t\t\t<div class=\"elementor-element elementor-element-1e903bd elementor-widget elementor-widget-heading\" data-id=\"1e903bd\" data-element_type=\"widget\" data-widget_type=\"heading.default\">\n\t\t\t\t\t<h2 class=\"elementor-heading-title elementor-size-default\">DIANA NI\u00d1O<\/h2>\t\t\t\t<\/div>\n\t\t\t\t<div class=\"elementor-element elementor-element-1545c0f elementor-widget elementor-widget-text-editor\" data-id=\"1545c0f\" data-element_type=\"widget\" data-widget_type=\"text-editor.default\">\n\t\t\t\t\t\t\t\t\t<h2 style=\"text-align: center;\"><span style=\"color: #000080;\"><strong>GERENTE COMERCIAL<\/strong><\/span><\/h2>\t\t\t\t\t\t\t\t<\/div>\n\t\t\t\t<div class=\"elementor-element elementor-element-9310389 elementor-widget elementor-widget-text-editor\" data-id=\"9310389\" data-element_type=\"widget\" data-widget_type=\"text-editor.default\">\n\t\t\t\t\t\t\t\t\t<p style=\"text-align: center;\"><span style=\"color: #333333;\">F\u00e1brica de mobiliario para: Oficinas, Empresas, Colegios, Instituciones de salud<\/span><\/p>\t\t\t\t\t\t\t\t<\/div>\n\t\t\t\t<div class=\"elementor-element elementor-element-772e61d elementor-widget elementor-widget-image\" data-id=\"772e61d\" data-element_type=\"widget\" data-widget_type=\"image.default\">\n\t\t\t\t\t\t\t\t\t\t\t\t\t\t\t\t<a href=\"https:\/\/api.whatsapp.com\/send\/?phone=573112170064&#038;text=Hola%2C+Quisiera+solicitar\">\n\t\t\t\t\t\t\t<img decoding=\"async\" width=\"800\" height=\"120\" src=\"https:\/\/infinitosky.servicio.com.co\/wp-content\/uploads\/2025\/08\/WhtsApp-Recuperado.png\" class=\"attachment-large size-large wp-image-87\" alt=\"\" srcset=\"https:\/\/infinitosky.servicio.com.co\/wp-content\/uploads\/2025\/08\/WhtsApp-Recuperado.png 800w, https:\/\/infinitosky.servicio.com.co\/wp-content\/uploads\/2025\/08\/WhtsApp-Recuperado-300x45.png 300w, https:\/\/infinitosky.servicio.com.co\/wp-content\/uploads\/2025\/08\/WhtsApp-Recuperado-768x115.png 768w\" sizes=\"(max-width: 800px) 100vw, 800px\" \/>\t\t\t\t\t\t\t\t<\/a>\n\t\t\t\t\t\t\t\t\t\t\t\t\t\t\t<\/div>\n\t\t\t\t<div class=\"elementor-element elementor-element-6d0f90b elementor-widget elementor-widget-image\" data-id=\"6d0f90b\" data-element_type=\"widget\" data-widget_type=\"image.default\">\n\t\t\t\t\t\t\t\t\t\t\t\t\t\t\t\t<a href=\"https:\/\/api.whatsapp.com\/send\/?phone=573112170064&#038;text=Hola%2C+Quisiera+solicitar\">\n\t\t\t\t\t\t\t<img decoding=\"async\" width=\"800\" height=\"120\" src=\"https:\/\/infinitosky.servicio.com.co\/wp-content\/uploads\/2025\/10\/TEL-2-2.png\" class=\"attachment-large size-large wp-image-193\" alt=\"\" srcset=\"https:\/\/infinitosky.servicio.com.co\/wp-content\/uploads\/2025\/10\/TEL-2-2.png 800w, https:\/\/infinitosky.servicio.com.co\/wp-content\/uploads\/2025\/10\/TEL-2-2-300x45.png 300w, https:\/\/infinitosky.servicio.com.co\/wp-content\/uploads\/2025\/10\/TEL-2-2-768x115.png 768w\" sizes=\"(max-width: 800px) 100vw, 800px\" \/>\t\t\t\t\t\t\t\t<\/a>\n\t\t\t\t\t\t\t\t\t\t\t\t\t\t\t<\/div>\n\t\t<div class=\"elementor-element elementor-element-431f389 e-con-full e-grid e-con e-child\" data-id=\"431f389\" data-element_type=\"container\">\n\t\t\t\t<div class=\"elementor-element elementor-element-3d99c9c elementor-widget elementor-widget-image\" data-id=\"3d99c9c\" data-element_type=\"widget\" data-widget_type=\"image.default\">\n\t\t\t\t\t\t\t\t\t\t\t\t\t\t\t\t<a href=\"https:\/\/api.whatsapp.com\/send?phone=573505237825&#038;text=Hola,Quisiera%20solicitar\">\n\t\t\t\t\t\t\t<img loading=\"lazy\" decoding=\"async\" width=\"512\" height=\"512\" src=\"https:\/\/infinitosky.servicio.com.co\/wp-content\/uploads\/2025\/08\/whatsapp-1-2.png\" class=\"attachment-large size-large wp-image-28\" alt=\"\" srcset=\"https:\/\/infinitosky.servicio.com.co\/wp-content\/uploads\/2025\/08\/whatsapp-1-2.png 512w, https:\/\/infinitosky.servicio.com.co\/wp-content\/uploads\/2025\/08\/whatsapp-1-2-300x300.png 300w, https:\/\/infinitosky.servicio.com.co\/wp-content\/uploads\/2025\/08\/whatsapp-1-2-150x150.png 150w\" sizes=\"(max-width: 512px) 100vw, 512px\" \/>\t\t\t\t\t\t\t\t<\/a>\n\t\t\t\t\t\t\t\t\t\t\t\t\t\t\t<\/div>\n\t\t\t\t<div class=\"elementor-element elementor-element-6b5334e elementor-widget elementor-widget-image\" data-id=\"6b5334e\" data-element_type=\"widget\" data-widget_type=\"image.default\">\n\t\t\t\t\t\t\t\t\t\t\t\t\t\t\t\t<a href=\"mailto:comercialinfinitosky@gmail.com\">\n\t\t\t\t\t\t\t<img loading=\"lazy\" decoding=\"async\" width=\"512\" height=\"512\" src=\"https:\/\/infinitosky.servicio.com.co\/wp-content\/uploads\/2025\/08\/maail.png\" class=\"attachment-large size-large wp-image-36\" alt=\"\" srcset=\"https:\/\/infinitosky.servicio.com.co\/wp-content\/uploads\/2025\/08\/maail.png 512w, https:\/\/infinitosky.servicio.com.co\/wp-content\/uploads\/2025\/08\/maail-300x300.png 300w, https:\/\/infinitosky.servicio.com.co\/wp-content\/uploads\/2025\/08\/maail-150x150.png 150w\" sizes=\"(max-width: 512px) 100vw, 512px\" \/>\t\t\t\t\t\t\t\t<\/a>\n\t\t\t\t\t\t\t\t\t\t\t\t\t\t\t<\/div>\n\t\t\t\t<div class=\"elementor-element elementor-element-1405181 elementor-widget elementor-widget-image\" data-id=\"1405181\" data-element_type=\"widget\" data-widget_type=\"image.default\">\n\t\t\t\t\t\t\t\t\t\t\t\t\t\t\t\t<a href=\"https:\/\/infinitosky.com\/\">\n\t\t\t\t\t\t\t<img loading=\"lazy\" decoding=\"async\" width=\"512\" height=\"512\" src=\"https:\/\/infinitosky.servicio.com.co\/wp-content\/uploads\/2025\/08\/web-890.png\" class=\"attachment-large size-large wp-image-41\" alt=\"\" srcset=\"https:\/\/infinitosky.servicio.com.co\/wp-content\/uploads\/2025\/08\/web-890.png 512w, https:\/\/infinitosky.servicio.com.co\/wp-content\/uploads\/2025\/08\/web-890-300x300.png 300w, https:\/\/infinitosky.servicio.com.co\/wp-content\/uploads\/2025\/08\/web-890-150x150.png 150w\" sizes=\"(max-width: 512px) 100vw, 512px\" \/>\t\t\t\t\t\t\t\t<\/a>\n\t\t\t\t\t\t\t\t\t\t\t\t\t\t\t<\/div>\n\t\t\t\t<div class=\"elementor-element elementor-element-8910912 elementor-widget elementor-widget-image\" data-id=\"8910912\" data-element_type=\"widget\" data-widget_type=\"image.default\">\n\t\t\t\t\t\t\t\t\t\t\t\t\t\t\t\t<a href=\"https:\/\/api.whatsapp.com\/send?text=https:\/\/infinitosky.servicio.com.co\/\">\n\t\t\t\t\t\t\t<img loading=\"lazy\" decoding=\"async\" width=\"512\" height=\"512\" src=\"https:\/\/infinitosky.servicio.com.co\/wp-content\/uploads\/2025\/08\/comprtir.png\" class=\"attachment-large size-large wp-image-46\" alt=\"\" srcset=\"https:\/\/infinitosky.servicio.com.co\/wp-content\/uploads\/2025\/08\/comprtir.png 512w, https:\/\/infinitosky.servicio.com.co\/wp-content\/uploads\/2025\/08\/comprtir-300x300.png 300w, https:\/\/infinitosky.servicio.com.co\/wp-content\/uploads\/2025\/08\/comprtir-150x150.png 150w\" sizes=\"(max-width: 512px) 100vw, 512px\" \/>\t\t\t\t\t\t\t\t<\/a>\n\t\t\t\t\t\t\t\t\t\t\t\t\t\t\t<\/div>\n\t\t\t\t<\/div>\n\t\t<div class=\"elementor-element elementor-element-6c7fe82 e-con-full e-grid e-con e-child\" data-id=\"6c7fe82\" data-element_type=\"container\">\n\t\t\t\t<div class=\"elementor-element elementor-element-a7d7b2c elementor-widget elementor-widget-text-editor\" data-id=\"a7d7b2c\" data-element_type=\"widget\" data-widget_type=\"text-editor.default\">\n\t\t\t\t\t\t\t\t\t<p style=\"text-align: center;\"><a href=\"https:\/\/infinitosky.com\/\"><span style=\"color: #022e6b;\"><strong>wwww.infinitosky.com<\/strong><\/span><\/a><\/p>\t\t\t\t\t\t\t\t<\/div>\n\t\t\t\t<\/div>\n\t\t<div class=\"elementor-element elementor-element-adabaf9 e-con-full e-grid e-con e-child\" data-id=\"adabaf9\" data-element_type=\"container\">\n\t\t\t\t<div class=\"elementor-element elementor-element-c02e74d elementor-widget elementor-widget-image\" data-id=\"c02e74d\" data-element_type=\"widget\" data-widget_type=\"image.default\">\n\t\t\t\t\t\t\t\t\t\t\t\t\t\t\t<img loading=\"lazy\" decoding=\"async\" width=\"566\" height=\"563\" src=\"https:\/\/infinitosky.servicio.com.co\/wp-content\/uploads\/2025\/08\/Imagen-de-WhatsApp-2025-08-28-a-las-12.19.21_4e6afcd4.jpg\" class=\"attachment-large size-large wp-image-110\" alt=\"\" srcset=\"https:\/\/infinitosky.servicio.com.co\/wp-content\/uploads\/2025\/08\/Imagen-de-WhatsApp-2025-08-28-a-las-12.19.21_4e6afcd4.jpg 566w, https:\/\/infinitosky.servicio.com.co\/wp-content\/uploads\/2025\/08\/Imagen-de-WhatsApp-2025-08-28-a-las-12.19.21_4e6afcd4-300x298.jpg 300w, https:\/\/infinitosky.servicio.com.co\/wp-content\/uploads\/2025\/08\/Imagen-de-WhatsApp-2025-08-28-a-las-12.19.21_4e6afcd4-150x150.jpg 150w\" sizes=\"(max-width: 566px) 100vw, 566px\" \/>\t\t\t\t\t\t\t\t\t\t\t\t\t\t\t<\/div>\n\t\t\t\t<\/div>\n\t\t\t\t<\/div>\n\t\t\t\t\t<\/div>\n\t\t\t\t<\/div>\n\t\t<div class=\"elementor-element elementor-element-2ec1328 e-grid e-con-boxed e-con e-parent\" data-id=\"2ec1328\" data-element_type=\"container\">\n\t\t\t\t\t<div class=\"e-con-inner\">\n\t\t\t\t<div class=\"elementor-element elementor-element-e28a748 elementor-widget elementor-widget-image\" data-id=\"e28a748\" data-element_type=\"widget\" data-widget_type=\"image.default\">\n\t\t\t\t\t\t\t\t\t\t\t\t\t\t\t\t<a href=\"https:\/\/infinitosky.servicio.com.co\/wp-content\/uploads\/2025\/08\/CATALOGO-INFINITO-SKY-2-SP-1.pdf\">\n\t\t\t\t\t\t\t<img loading=\"lazy\" decoding=\"async\" width=\"706\" height=\"280\" src=\"https:\/\/infinitosky.servicio.com.co\/wp-content\/uploads\/2025\/08\/NUESTRA-OFERTA-1.png\" class=\"attachment-large size-large wp-image-132\" alt=\"\" srcset=\"https:\/\/infinitosky.servicio.com.co\/wp-content\/uploads\/2025\/08\/NUESTRA-OFERTA-1.png 706w, https:\/\/infinitosky.servicio.com.co\/wp-content\/uploads\/2025\/08\/NUESTRA-OFERTA-1-300x119.png 300w\" sizes=\"(max-width: 706px) 100vw, 706px\" \/>\t\t\t\t\t\t\t\t<\/a>\n\t\t\t\t\t\t\t\t\t\t\t\t\t\t\t<\/div>\n\t\t\t\t<div class=\"elementor-element elementor-element-c929155 elementor-widget elementor-widget-image\" data-id=\"c929155\" data-element_type=\"widget\" data-widget_type=\"image.default\">\n\t\t\t\t\t\t\t\t\t\t\t\t\t\t\t\t<a href=\"https:\/\/infinitosky.servicio.com.co\/wp-content\/uploads\/2025\/08\/CATALOGO-IMPORTADOS-SKY-2025-CON-PRECIOS-PARA-PAGINA.pdf\">\n\t\t\t\t\t\t\t<img loading=\"lazy\" decoding=\"async\" width=\"706\" height=\"280\" src=\"https:\/\/infinitosky.servicio.com.co\/wp-content\/uploads\/2025\/08\/IMPORTADSO.png\" class=\"attachment-large size-large wp-image-137\" alt=\"\" srcset=\"https:\/\/infinitosky.servicio.com.co\/wp-content\/uploads\/2025\/08\/IMPORTADSO.png 706w, https:\/\/infinitosky.servicio.com.co\/wp-content\/uploads\/2025\/08\/IMPORTADSO-300x119.png 300w\" sizes=\"(max-width: 706px) 100vw, 706px\" \/>\t\t\t\t\t\t\t\t<\/a>\n\t\t\t\t\t\t\t\t\t\t\t\t\t\t\t<\/div>\n\t\t\t\t\t<\/div>\n\t\t\t\t<\/div>\n\t\t<div class=\"elementor-element elementor-element-ce2848f e-flex e-con-boxed e-con e-parent\" data-id=\"ce2848f\" data-element_type=\"container\">\n\t\t\t\t\t<div class=\"e-con-inner\">\n\t\t\t\t<div class=\"elementor-element elementor-element-0473e80 elementor-widget elementor-widget-html\" data-id=\"0473e80\" data-element_type=\"widget\" data-widget_type=\"html.default\">\n\t\t\t\t\t<!DOCTYPE html>\r\n<html lang=\"es\">\r\n<head>\r\n    <meta charset=\"UTF-8\">\r\n    <meta name=\"viewport\" content=\"width=device-width, initial-scale=1.0\">\r\n    <title>Enviar Saludo por WhatsApp<\/title>\r\n    <style>\r\n        body {\r\n            font-family: Arial, sans-serif;\r\n            display: flex;\r\n            justify-content: center;\r\n            align-items: center;\r\n            min-height: 100vh;\r\n            background-color: #f4f4f4;\r\n            margin: 0;\r\n        }\r\n        .whatsapp-container {\r\n            background-color: #fff;\r\n            padding: 30px;\r\n            border-radius: 8px;\r\n            box-shadow: 0 2px 10px rgba(0, 0, 0, 0.1);\r\n            text-align: center;\r\n        }\r\n        .whatsapp-container h2 {\r\n            color: #333;\r\n            margin-bottom: 20px;\r\n        }\r\n        .input-group {\r\n            margin-bottom: 20px;\r\n            display: flex;\r\n            align-items: center;\r\n            justify-content: center;\r\n            gap: 10px; \/* Espacio entre el input y el bot\u00f3n *\/\r\n        }\r\n        .input-group label {\r\n            display: block;\r\n            margin-bottom: 5px;\r\n            color: #555;\r\n            font-weight: bold;\r\n        }\r\n        .input-group input[type=\"text\"] {\r\n            padding: 10px;\r\n            border: 1px solid #ddd;\r\n            border-radius: 4px;\r\n            font-size: 16px;\r\n            width: 250px;\r\n            max-width: 100%;\r\n        }\r\n        .input-group button {\r\n            background-color: #25d366; \/* Color de WhatsApp *\/\r\n            color: white;\r\n            padding: 10px 20px;\r\n            border: none;\r\n            border-radius: 4px;\r\n            cursor: pointer;\r\n            font-size: 16px;\r\n            transition: background-color 0.3s ease;\r\n        }\r\n        .input-group button:hover {\r\n            background-color: #1da851;\r\n        }\r\n        .info-text {\r\n            font-size: 14px;\r\n            color: #777;\r\n            margin-top: 15px;\r\n        }\r\n    <\/style>\r\n<\/head>\r\n<body>\r\n\r\n    <div class=\"whatsapp-container\">\r\n        <h2>Enviar Saludo por WhatsApp<\/h2>\r\n        <div class=\"input-group\">\r\n            <input type=\"text\" id=\"whatsappNumber\" placeholder=\"N\u00famero de WhatsApp (ej: 573118744110)\">\r\n            <button onclick=\"enviarWhatsApp()\">Enviar<\/button>\r\n        <\/div>\r\n        <p class=\"info-text\">\r\n                        <br>\r\n                  <\/p>\r\n    <\/div>\r\n\r\n    <script>\r\n        function enviarWhatsApp() {\r\n            const numero = document.getElementById('whatsappNumber').value.trim();\r\n\r\n            \/\/ Validar si el n\u00famero no est\u00e1 vac\u00edo\r\n            if (numero === \"\") {\r\n                alert(\"Por favor, introduce un n\u00famero de WhatsApp.\");\r\n                return;\r\n            }\r\n\r\n            \/\/ Define tu nombre y la URL de tu tarjeta\r\n            const miNombre = \"INFINITO SKY,\"; \/\/ \u00a1CAMBIA ESTO CON TU NOMBRE!\r\n            const miURL = \"https:\/\/infinitosky.servicio.com.co\/\"; \/\/ \u00a1CAMBIA ESTO CON LA URL DE TU TARJETA!\r\n\r\n            \/\/ Codifica el mensaje para que sea seguro en la URL\r\n            const mensaje = encodeURIComponent(`Hola, soy: ${miNombre} Mi nombre es:Diana D\u00edaz, Gerente Comercial, Te invito a descargar mi portafolio de servicios en: la URL: ${miURL}`);\r\n\r\n            \/\/ Construye la URL de WhatsApp\r\n            \/\/ Formato: https:\/\/wa.me\/<numero>?text=<mensaje>\r\n            const whatsappURL = `https:\/\/wa.me\/${numero}?text=${mensaje}`;\r\n\r\n            \/\/ Abre la URL de WhatsApp en una nueva pesta\u00f1a\r\n            window.open(whatsappURL, '_blank');\r\n        }\r\n    <\/script>\t\t\t\t<\/div>\n\t\t\t\t\t<\/div>\n\t\t\t\t<\/div>\n\t\t\t\t<\/div>\n\t\t","protected":false},"excerpt":{"rendered":"<p>DIANA NI\u00d1O GERENTE COMERCIAL F\u00e1brica de mobiliario para: Oficinas, Empresas, Colegios, Instituciones de salud wwww.infinitosky.com Enviar Saludo por WhatsApp Enviar Saludo por WhatsApp Enviar<\/p>\n","protected":false},"author":1,"featured_media":0,"parent":0,"menu_order":0,"comment_status":"closed","ping_status":"open","template":"elementor_header_footer","meta":{"footnotes":""},"class_list":["post-2","page","type-page","status-publish","hentry"],"_links":{"self":[{"href":"https:\/\/infinitosky.servicio.com.co\/index.php\/wp-json\/wp\/v2\/pages\/2","targetHints":{"allow":["GET"]}}],"collection":[{"href":"https:\/\/infinitosky.servicio.com.co\/index.php\/wp-json\/wp\/v2\/pages"}],"about":[{"href":"https:\/\/infinitosky.servicio.com.co\/index.php\/wp-json\/wp\/v2\/types\/page"}],"author":[{"embeddable":true,"href":"https:\/\/infinitosky.servicio.com.co\/index.php\/wp-json\/wp\/v2\/users\/1"}],"replies":[{"embeddable":true,"href":"https:\/\/infinitosky.servicio.com.co\/index.php\/wp-json\/wp\/v2\/comments?post=2"}],"version-history":[{"count":151,"href":"https:\/\/infinitosky.servicio.com.co\/index.php\/wp-json\/wp\/v2\/pages\/2\/revisions"}],"predecessor-version":[{"id":196,"href":"https:\/\/infinitosky.servicio.com.co\/index.php\/wp-json\/wp\/v2\/pages\/2\/revisions\/196"}],"wp:attachment":[{"href":"https:\/\/infinitosky.servicio.com.co\/index.php\/wp-json\/wp\/v2\/media?parent=2"}],"curies":[{"name":"wp","href":"https:\/\/api.w.org\/{rel}","templated":true}]}}